{"id":416,"date":"2026-01-12T21:58:32","date_gmt":"2026-01-12T21:58:32","guid":{"rendered":"https:\/\/briviclick.es\/?page_id=416"},"modified":"2026-01-12T22:02:20","modified_gmt":"2026-01-12T22:02:20","slug":"aviso-legal","status":"publish","type":"page","link":"https:\/\/briviclick.es\/?page_id=416","title":{"rendered":"Aviso Legal"},"content":{"rendered":"\t\t<div data-elementor-type=\"wp-page\" data-elementor-id=\"416\" class=\"elementor elementor-416\" data-elementor-post-type=\"page\">\n\t\t\t\t<div class=\"elementor-element elementor-element-6672e073 e-flex e-con-boxed e-con e-parent\" data-id=\"6672e073\" data-element_type=\"container\">\n\t\t\t\t\t<div class=\"e-con-inner\">\n\t\t<div class=\"elementor-element elementor-element-60aaca9a e-flex e-con-boxed e-con e-child\" data-id=\"60aaca9a\" data-element_type=\"container\">\n\t\t\t\t\t<div class=\"e-con-inner\">\n\t\t\t\t<div class=\"elementor-element elementor-element-a3b8559 elementor-widget elementor-widget-heading\" data-id=\"a3b8559\" data-element_type=\"widget\" data-widget_type=\"heading.default\">\n\t\t\t\t\t<h1 class=\"elementor-heading-title elementor-size-default\">Aviso Legal<\/h1>\t\t\t\t<\/div>\n\t\t\t\t\t<\/div>\n\t\t\t\t<\/div>\n\t\t\t\t\t<\/div>\n\t\t\t\t<\/div>\n\t\t<div class=\"elementor-element elementor-element-34a45e09 e-flex e-con-boxed e-con e-parent\" data-id=\"34a45e09\" data-element_type=\"container\">\n\t\t\t\t\t<div class=\"e-con-inner\">\n\t\t<div class=\"elementor-element elementor-element-7b33d956 e-con-full e-flex elementor-invisible e-con e-child\" data-id=\"7b33d956\" data-element_type=\"container\" data-settings=\"{&quot;animation&quot;:&quot;fadeInRight&quot;}\">\n\t\t\t\t<div class=\"elementor-element elementor-element-3782ee54 elementor-widget elementor-widget-text-editor\" data-id=\"3782ee54\" data-element_type=\"widget\" data-widget_type=\"text-editor.default\">\n\t\t\t\t\t\t\t\t\t<p>Esta web es un espacio seguro tusitioweb.com respeta la privacidad de sus usuarios y ha adecuado este portal a la Ley 34\/2002, de 11 de julio, de Servicios de la Sociedad de la informaci\u00f3n y de Comercio Electr\u00f3nico.(LSSI)<\/p><p>Por este motivo le informamos de lo siguiente:<\/p><ul><li>Denominaci\u00f3n social: BriviClick<\/li><li>Direcci\u00f3n: Calle Ana Lopidana 8, planta 6 oficina 4, 09005 Burgos.<\/li><li>CIF\/ NIF: Y8624257F<\/li><li>Tel\u00e9fono: (+34) \u2014 \u2014 \u2014 \u2014<\/li><li>Email: <a href=\"mailto:hola@briviclick.es\">hola@briviclick.es<\/a><\/li><li>Actividad: Falta agregar<\/li><li>Finalidad de la p\u00e1gina web: Promoci\u00f3n de (Falta agregar)<\/li><\/ul><div>\u00a0<\/div><p>Esta web cumple con el RGPD (Reglamento UE 2016\/679 de protecci\u00f3n de datos) y con la LSSI-CE (Ley 34\/2002, de 11 de julio, de Servicios de la Sociedad de la Informaci\u00f3n y de Comercio Electr\u00f3nico).<\/p><p><b>Condiciones generales del portal tusitioweb.com<\/b><\/p><p>Las presentes Condiciones Generales regulan el uso (incluyendo el mero acceso) de las p\u00e1ginas web integrantes del sitio web tusitioweb.com incluidos los contenidos y servicios puestos a disposici\u00f3n en ellas.<\/p><p>Toda persona que acceda al portal tusitioweb.com (\u201cUsuario\u201d) acepta someterse a las Condiciones Generales vigentes en cada momento en que acceda al portal.<\/p><p>En todo caso, tusitioweb.com se reserva el derecho de modificar, en cualquier momento y sin necesidad de previo aviso, la presentaci\u00f3n y configuraci\u00f3n del portal as\u00ed como las presentes Condiciones Generales o las correspondientes Condiciones Particulares.<\/p><p><strong>Uso del portal tusitioweb.com<\/strong><\/p><p>Usted acepta que:<\/p><ol><li>Solamente podr\u00e1 hacer Usted uso del sitio web para realizar consultas o solicitudes legalmente v\u00e1lidas.<\/li><li>No podr\u00e1 realizar ninguna solicitud especulativa, falsa o fraudulenta. Si tenemos motivos razonables para considerar que se ha hecho una solicitud de esta \u00edndole estaremos autorizados a anularlo e informar a las autoridades pertinentes.<\/li><li>Tambi\u00e9n se obliga Usted a facilitarnos de manera cierta y correcta su direcci\u00f3n de correo electr\u00f3nico, direcci\u00f3n postal y\/u otros datos de contacto y consiente que podremos hacer uso de esta informaci\u00f3n para ponernos en contacto con Usted si es necesario (ver nuestra Declaraci\u00f3n de Privacidad).<\/li><li>Si no nos facilita Usted toda la informaci\u00f3n que necesitamos, no podremos cursar su solicitud.<\/li><li>El presente aviso legal (en adelante, el \u201cAviso Legal\u201d) regula el uso del sitio web: tusitioweb.com<\/li><\/ol><p><strong><br \/>Protecci\u00f3n de datos de tusitioweb.com<\/strong><\/p><p>tusitioweb.com se compromete en la utilizaci\u00f3n de los datos incluidos en el fichero, a respetar su confidencialidad y a utilizarlos de acuerdo con la finalidad del mismo, as\u00ed como a dar cumplimiento a su obligaci\u00f3n de guardarlos y adaptar todas las medidas para evitar la alteraci\u00f3n, p\u00e9rdida, tratamiento o acceso no autorizado, de conformidad con lo establecido en el Real Decreto 1720\/2007 de 21 de diciembre por el que se aprueba el Reglamento de desarrollo de la Ley Org\u00e1nica 15\/1999 de 13 de diciembre, de Protecci\u00f3n de Datos de Car\u00e1cter Personal.<\/p><p>tusitioweb.com jam\u00e1s compartir\u00e1 datos de los usuarios de la web con terceros a menos que los usuarios hayan sido informados previamente y contemos con su autorizaci\u00f3n expresa.<\/p><p>De igual forma, el Usuario tiene acceso en todo momento a su perfil privado pudiendo modificar, editar o eliminar la informaci\u00f3n proporcionada, as\u00ed como gestionar su baja directamente, o mediante solicitud dirigida a\u00a0<a class=\"_mizu194a _1ah31bk5 _ra3xnqa1 _128m1bk5 _1cvmnqa1 _4davt94y _4bfu1r31 _1hms8stv _ajmmnqa1 _vchhusvi _syaz14q2 _ect41gqc _1a3b1r31 _4fpr8stv _5goinqa1 _f8pj14q2 _9oik1r31 _1bnxglyw _jf4cnqa1 _30l314q2 _1nrm1r31 _c2waglyw _1iohnqa1 _9h8h16c2 _1053w7te _1ienw7te _n0fxw7te _1vhvg3x0\" title=\"mailto:info@briviclick.es\" href=\"mailto:info@briviclick.es\" data-renderer-mark=\"true\" data-is-router-link=\"false\" data-testid=\"link-with-safety\">info@briviclick.es<\/a><\/p><p><b>Datos personales que recoge y gestiona el portal tusitioweb.com<\/b><\/p><p>Su informaci\u00f3n est\u00e1 protegida de acuerdo a nuestra pol\u00edtica de privacidad y t\u00e9rminos de servicio.<\/p><p>Usted comprende y acepta que:<\/p><p>Desde el momento en que nos facilita sus datos a trav\u00e9s del formulario de contacto, tusitioweb.com tiene acceso a: su nombre y correo electr\u00f3nico.<\/p><p>El usuario tiene seg\u00fan el art\u00edculo 5 d) de la Ley Org\u00e1nica de Protecci\u00f3n de Datos de Car\u00e1cter Personal derecho de acceso, rectificaci\u00f3n, cancelaci\u00f3n y oposici\u00f3n. Podr\u00e1 ejercer estos derechos enviando un correo electr\u00f3nico a tusitioweb.com \u00a0desde la misma direcci\u00f3n que us\u00f3 para el alta.<\/p><p>En cada recepci\u00f3n de un correo electr\u00f3nico el usuario tendr\u00e1 la posibilidad de ejercer sus derechos de cancelaci\u00f3n y rectificaci\u00f3n pinchando los enlaces que encontrar\u00e1 al final del correo.<\/p><p><strong>Uso y acceso de usuarios<\/strong><\/p><p>El Usuario queda informado, y acepta, que el acceso a la presente web no supone, en modo alguno, el inicio de una relaci\u00f3n comercial con tusitioweb.com<\/p><p>De esta forma, el usuario se compromete a utilizar el sitio Web, sus servicios y contenidos sin contravenir la legislaci\u00f3n vigente, la buena fe y el orden p\u00fablico. Queda prohibido el uso de la web con fines il\u00edcitos o lesivos, o que, de cualquier forma, puedan causar perjuicio o impedir el normal funcionamiento del sitio web. Respecto de los contenidos de este sitio, se proh\u00edbe:<\/p><ul><li>Su reproducci\u00f3n, distribuci\u00f3n o modificaci\u00f3n, total o parcial, a menos que se cuente con la autorizaci\u00f3n de sus leg\u00edtimos titulares;<\/li><li>Cualquier vulneraci\u00f3n de los derechos del prestador o de los leg\u00edtimos titulares;<\/li><li>Su utilizaci\u00f3n para fines comerciales o publicitarios.<\/li><\/ul><p><strong><br \/>Derechos de propiedad intelectual e industrial<\/strong><\/p><p>Mediante estas Condiciones Generales no se cede ning\u00fan derecho de propiedad intelectual o industrial sobre el portal tusitioweb.com ni sobre ninguno de sus elementos integrantes, quedando expresamente prohibidos al Usuario la reproducci\u00f3n, transformaci\u00f3n, distribuci\u00f3n, comunicaci\u00f3n p\u00fablica, puesta a disposici\u00f3n del p\u00fablico, extracci\u00f3n, reutilizaci\u00f3n, reenv\u00edo o la utilizaci\u00f3n de cualquier naturaleza, por cualquier medio o procedimiento, de cualquiera de ellos, salvo en los casos en que est\u00e9 legalmente permitido o sea autorizado por el titular de los correspondientes derechos.<\/p><p>El usuario conoce y acepta que la totalidad del sitio web, conteniendo sin car\u00e1cter exhaustivo el texto, software, contenidos (incluyendo estructura, selecci\u00f3n, ordenaci\u00f3n y presentaci\u00f3n de los mismos) fotograf\u00edas, material audiovisual y gr\u00e1ficos, est\u00e1 protegida por marcas, derechos de autor y otros derechos leg\u00edtimos registrados, de acuerdo con los tratados internacionales en los que Espa\u00f1a es parte y otros derechos de propiedad y leyes de Espa\u00f1a.<\/p><p><strong>Enlaces<\/strong><\/p><p>Las p\u00e1ginas del portal tusitioweb.com proporcionan enlaces a otros sitios web propios y contenidos que son propiedad de terceros como redes sociales para compartir contenidos. El \u00fanico objeto de los enlaces es proporcionar al Usuario la posibilidad de acceder a dichos enlaces, aunque tusitioweb.com no ofrece ni comercializa por s\u00ed ni por medio de terceros la informaci\u00f3n, contenidos y servicios disponibles en los sitios enlazados, ni aprueba, supervisa o controla en modo alguno los contenidos y servicios y cualquier material de cualquier naturaleza existente en los mismos.<\/p><p>tusitioweb.com no se responsabiliza en ning\u00fan caso de los resultados que puedan derivarse al Usuario por acceso a dichos enlaces.<\/p><p>El Usuario que se proponga establecer cualquier dispositivo t\u00e9cnico de enlace desde su sitio web al portal deber\u00e1 obtener la autorizaci\u00f3n previa y escrita de tusitioweb.com El establecimiento del enlace no implica en ning\u00fan caso la existencia de relaciones entre tusitioweb.com y el propietario del sitio en el que se establezca el enlace, ni la aceptaci\u00f3n o aprobaci\u00f3n por parte de tusitioweb.com de sus contenidos o servicios.<\/p><p><strong>Exclusi\u00f3n de garant\u00edas y responsabilidad<\/strong><\/p><p>tusitioweb.com no otorga ninguna garant\u00eda ni se hace responsable, en ning\u00fan caso, de los da\u00f1os y perjuicios de cualquier naturaleza que pudieran traer causa de:<\/p><ul><li>la falta de disponibilidad, mantenimiento y efectivo funcionamiento de la web o de sus servicios y contenidos;<\/li><li>la existencia de virus, programas maliciosos o lesivos en los contenidos;<\/li><li>El uso il\u00edcito, negligente, fraudulento o contrario a este Aviso Legal;<\/li><li>La falta de licitud, calidad, fiabilidad, utilidad y disponibilidad de los servicios prestados por terceros y puestos a disposici\u00f3n de los usuarios en el sitio web.<\/li><\/ul><p>El prestador no se hace responsable bajo ning\u00fan concepto de los da\u00f1os que pudieran dimanar del uso ilegal o indebido de la presente p\u00e1gina web.<\/p><p><strong>Legislaci\u00f3n<\/strong><\/p><p>Con car\u00e1cter general las relaciones entre tusitioweb.com con los Usuarios de sus servicios telem\u00e1ticos, presentes en este sitio web, se encuentran sometidas a la legislaci\u00f3n y jurisdicci\u00f3n espa\u00f1olas.<\/p><p><strong>Direcciones de contacto<\/strong><\/p><p>En caso de que cualquier Usuario tuviese alguna duda acerca de estas Condiciones Generales o cualquier comentario sobre el portal tusitioweb.com, por favor dir\u00edjase a <a href=\"mailto:hola@briviclick.es\">hola@briviclick.es<\/a><\/p>\t\t\t\t\t\t\t\t<\/div>\n\t\t\t\t<\/div>\n\t\t\t\t\t<\/div>\n\t\t\t\t<\/div>\n\t\t\t\t<\/div>\n\t\t","protected":false},"excerpt":{"rendered":"<p>Esta web es un espacio seguro tusitioweb.com respeta la privacidad de sus usuarios y ha adecuado este portal a la Ley 34\/2002, de 11 de julio, de Servicios de la Sociedad de la informaci\u00f3n y de Comercio Electr\u00f3nico.(LSSI) Por este motivo le informamos de lo siguiente: Denominaci\u00f3n social: BriviClick Direcci\u00f3n: Calle Ana Lopidana 8, planta [&hellip;]<\/p>\n","protected":false},"author":3,"featured_media":0,"parent":0,"menu_order":0,"comment_status":"closed","ping_status":"closed","template":"","meta":{"footnotes":""},"class_list":["post-416","page","type-page","status-publish","hentry"],"_links":{"self":[{"href":"https:\/\/briviclick.es\/index.php?rest_route=\/wp\/v2\/pages\/416","targetHints":{"allow":["GET"]}}],"collection":[{"href":"https:\/\/briviclick.es\/index.php?rest_route=\/wp\/v2\/pages"}],"about":[{"href":"https:\/\/briviclick.es\/index.php?rest_route=\/wp\/v2\/types\/page"}],"author":[{"embeddable":true,"href":"https:\/\/briviclick.es\/index.php?rest_route=\/wp\/v2\/users\/3"}],"replies":[{"embeddable":true,"href":"https:\/\/briviclick.es\/index.php?rest_route=%2Fwp%2Fv2%2Fcomments&post=416"}],"version-history":[{"count":10,"href":"https:\/\/briviclick.es\/index.php?rest_route=\/wp\/v2\/pages\/416\/revisions"}],"predecessor-version":[{"id":426,"href":"https:\/\/briviclick.es\/index.php?rest_route=\/wp\/v2\/pages\/416\/revisions\/426"}],"wp:attachment":[{"href":"https:\/\/briviclick.es\/index.php?rest_route=%2Fwp%2Fv2%2Fmedia&parent=416"}],"curies":[{"name":"wp","href":"https:\/\/api.w.org\/{rel}","templated":true}]}}