{"id":427,"date":"2026-01-12T22:03:10","date_gmt":"2026-01-12T22:03:10","guid":{"rendered":"https:\/\/briviclick.es\/?page_id=427"},"modified":"2026-01-12T22:05:46","modified_gmt":"2026-01-12T22:05:46","slug":"politicas-de-privacidad","status":"publish","type":"page","link":"https:\/\/briviclick.es\/?page_id=427","title":{"rendered":"Pol\u00edticas de Privacidad"},"content":{"rendered":"\t\t<div data-elementor-type=\"wp-page\" data-elementor-id=\"427\" class=\"elementor elementor-427\" data-elementor-post-type=\"page\">\n\t\t\t\t<div class=\"elementor-element elementor-element-6672e073 e-flex e-con-boxed e-con e-parent\" data-id=\"6672e073\" data-element_type=\"container\">\n\t\t\t\t\t<div class=\"e-con-inner\">\n\t\t<div class=\"elementor-element elementor-element-60aaca9a e-flex e-con-boxed e-con e-child\" data-id=\"60aaca9a\" data-element_type=\"container\">\n\t\t\t\t\t<div class=\"e-con-inner\">\n\t\t\t\t<div class=\"elementor-element elementor-element-a3b8559 elementor-widget elementor-widget-heading\" data-id=\"a3b8559\" data-element_type=\"widget\" data-widget_type=\"heading.default\">\n\t\t\t\t\t<h1 class=\"elementor-heading-title elementor-size-default\">Pol\u00edticas de Privacidad<\/h1>\t\t\t\t<\/div>\n\t\t\t\t\t<\/div>\n\t\t\t\t<\/div>\n\t\t\t\t\t<\/div>\n\t\t\t\t<\/div>\n\t\t<div class=\"elementor-element elementor-element-34a45e09 e-flex e-con-boxed e-con e-parent\" data-id=\"34a45e09\" data-element_type=\"container\">\n\t\t\t\t\t<div class=\"e-con-inner\">\n\t\t<div class=\"elementor-element elementor-element-7b33d956 e-con-full e-flex elementor-invisible e-con e-child\" data-id=\"7b33d956\" data-element_type=\"container\" data-settings=\"{&quot;animation&quot;:&quot;fadeInRight&quot;}\">\n\t\t\t\t<div class=\"elementor-element elementor-element-3782ee54 elementor-widget elementor-widget-text-editor\" data-id=\"3782ee54\" data-element_type=\"widget\" data-widget_type=\"text-editor.default\">\n\t\t\t\t\t\t\t\t\t<p><strong>Pol\u00edtica de privacidad<\/strong><\/p><p>En este documento te informamos de los motivos por los que recogemos tus datos personales, qu\u00e9 hacemos con dichos datos, qu\u00e9 derechos tienes y de qu\u00e9 forma puedes ejercerlos.<\/p><p><strong>Responsable de tus datos personales.<\/strong><\/p><p>Identidad: KELLY SANTAELLA \/ Y8624257F<\/p><p>Direcci\u00f3n: Calle Ana Lopidana 8, planta 6 oficina 4, 09005 Burgos.<\/p><p>Tel\u00e9fono: (+34) \u2014 \u2014 \u2014 \u2014\u00a0<\/p><p>E-mail: <a class=\"_mizu194a _1ah31bk5 _ra3xnqa1 _128m1bk5 _1cvmnqa1 _4davt94y _4bfu1r31 _1hms8stv _ajmmnqa1 _vchhusvi _syaz14q2 _ect41gqc _1a3b1r31 _4fpr8stv _5goinqa1 _f8pj14q2 _9oik1r31 _1bnxglyw _jf4cnqa1 _30l314q2 _1nrm1r31 _c2waglyw _1iohnqa1 _9h8h16c2 _1053w7te _1ienw7te _n0fxw7te _1vhvg3x0\" title=\"mailto:info@briviclick.es\" href=\"mailto:hola@briviclick.es\" data-renderer-mark=\"true\" data-is-router-link=\"false\" data-testid=\"link-with-safety\">hola@briviclick.es<\/a><\/p><p><strong>\u00bfPara qu\u00e9 recogemos tus datos personales?<\/strong><\/p><p>En hola@tusitioweb.com recogemos y tratamos la informaci\u00f3n que nos facilitas con el fin de responder a las cuestiones que nos planteas a trav\u00e9s de nuestros formularios de contacto y de comentarios, y para enviarte informaci\u00f3n que sea de tu inter\u00e9s a trav\u00e9s de nuestros canales de comunicaci\u00f3n.<\/p><p>Tendremos almacenada dicha informaci\u00f3n mientras no solicites que la eliminemos.<\/p><p><strong>\u00bfCu\u00e1les son las bases legales para el tratamiento de tus datos?<\/strong><\/p><p>Las bases legales para tratar tus datos son las siguientes:<\/p><p>Ejecuci\u00f3n del contrato de suscripci\u00f3n, para hacerte llegar informaci\u00f3n que sea de tu inter\u00e9s a trav\u00e9s de nuestros canales de comunicaci\u00f3n.<\/p><p>Obtenci\u00f3n de tu consentimiento, para responder a las cuestiones que nos planteas a trav\u00e9s de nuestros formularios de contacto y de comentarios.<\/p><p>Recuerda que no est\u00e1s obligado a darnos tu consentimiento para el tratamiento de tus datos, pero si no lo haces <a class=\"_mizu194a _1ah31bk5 _ra3xnqa1 _128m1bk5 _1cvmnqa1 _4davt94y _4bfu1r31 _1hms8stv _ajmmnqa1 _vchhusvi _syaz14q2 _ect41gqc _1a3b1r31 _4fpr8stv _5goinqa1 _f8pj14q2 _9oik1r31 _1bnxglyw _jf4cnqa1 _30l314q2 _1nrm1r31 _c2waglyw _1iohnqa1 _9h8h16c2 _1053w7te _1ienw7te _n0fxw7te _1vhvg3x0\" title=\"mailto:info@briviclick.es\" href=\"mailto:hola@briviclick.es\" data-renderer-mark=\"true\" data-is-router-link=\"false\" data-testid=\"link-with-safety\">hola@briviclick.es<\/a>\u00a0no podr\u00e1 hacerte llegar informaci\u00f3n que sea de tu inter\u00e9s a trav\u00e9s de nuestros canales de comunicaci\u00f3n.<\/p><p><strong>\u00bfA qui\u00e9nes se podr\u00e1n comunicar tus datos personales?<\/strong><\/p><p>Para que podamos ofrecerte servicios de mayor calidad y cumplir con nuestras obligaciones fiscales, te comunicamos que los datos que t\u00fa nos facilites pueden ser cedidos a:<\/p><p><a href=\"https:\/\/www.siteground.es\/\">Siteground<\/a>\u00a0con domicilio fiscal en C\/Serrano 1, 5\u00ba, encargado de proporcionar el hosting y el dominio para esta web.<\/p><p><a href=\"https:\/\/google.com\/\">Google LLC<\/a>, encargado de la recogida de anal\u00edticas de esta web y sujeto al acuerdo\u00a0<a href=\"https:\/\/www.privacyshield.gov\/participant?id=a2zt000000001L5AAI&amp;status=Active\">EU-US Privacy Shield<\/a>.<\/p><p><strong>\u00bfQu\u00e9 derechos tienes sobre tus datos?<\/strong><\/p><p>Estos son los derechos que puedes ejercer sobre tus datos personales:<\/p><p>Derechos a solicitar el acceso a tus datos de car\u00e1cter personal.<\/p><p>Derecho a solicitar la rectificaci\u00f3n o supresi\u00f3n.<\/p><p>Derecho a solicitar la limitaci\u00f3n del tratamiento.<\/p><p>Derecho a oponerse al tratamiento.<\/p><p>Para ejercer tus derechos, anteriormente mencionados, puedes enviarnos un correo electr\u00f3nico a <a class=\"_mizu194a _1ah31bk5 _ra3xnqa1 _128m1bk5 _1cvmnqa1 _4davt94y _4bfu1r31 _1hms8stv _ajmmnqa1 _vchhusvi _syaz14q2 _ect41gqc _1a3b1r31 _4fpr8stv _5goinqa1 _f8pj14q2 _9oik1r31 _1bnxglyw _jf4cnqa1 _30l314q2 _1nrm1r31 _c2waglyw _1iohnqa1 _9h8h16c2 _1053w7te _1ienw7te _n0fxw7te _1vhvg3x0\" title=\"mailto:info@briviclick.es\" href=\"mailto:hola@briviclick.es\" data-renderer-mark=\"true\" data-is-router-link=\"false\" data-testid=\"link-with-safety\">hola@briviclick.es<\/a>\u00a0indicando en el asunto \u201cPROTECCI\u00d3N DE DATOS\u201d incluyendo una fotocopia de tu DNI u otro documento de identificaci\u00f3n equivalente.<\/p><p><strong>\u00bfPuedo retirar el consentimiento?<\/strong><\/p><p>Tienes derecho a retirar el consentimiento para cualquier finalidad espec\u00edfica otorgada en su momento, sin que ello afecte a la licitud del tratamiento basado en el consentimiento previo a su retirada.<\/p><p><strong>\u00bfD\u00f3nde puedo reclamar si considero que mis datos no se tratan correctamente?<\/strong><\/p><p>Si consideras que tus datos no se est\u00e1n tratando correctamente puedes dirigir tus reclamaciones al correo <a class=\"_mizu194a _1ah31bk5 _ra3xnqa1 _128m1bk5 _1cvmnqa1 _4davt94y _4bfu1r31 _1hms8stv _ajmmnqa1 _vchhusvi _syaz14q2 _ect41gqc _1a3b1r31 _4fpr8stv _5goinqa1 _f8pj14q2 _9oik1r31 _1bnxglyw _jf4cnqa1 _30l314q2 _1nrm1r31 _c2waglyw _1iohnqa1 _9h8h16c2 _1053w7te _1ienw7te _n0fxw7te _1vhvg3x0\" title=\"mailto:info@briviclick.es\" href=\"mailto:hola@briviclick.es\" data-renderer-mark=\"true\" data-is-router-link=\"false\" data-testid=\"link-with-safety\">hola@briviclick.es<\/a>\u00a0o a la Agencia Espa\u00f1ola de Protecci\u00f3n de Datos (<a href=\"http:\/\/www.agpd.es\/\">AEPD<\/a>).<\/p><p><strong>Seguridad y actualizaci\u00f3n de tus datos personales<\/strong><\/p><p>Para garantizar la seguridad de sus datos personales te informamos que en tusitioweb.com hemos adoptado todas las medidas t\u00e9cnicas y organizativas necesarias para garantizar la seguridad de tus datos personales. Con el fin de evitar su alteraci\u00f3n, p\u00e9rdida o accesos no autorizados, tal y como exige la ley, entendiendo que la seguridad absoluta no existe.<\/p><p>Con el objetivo de poder mantener tus datos personales actualizados, te rogamos que nos informes en caso de que se produzca alguna modificaci\u00f3n sobre los mismos.<\/p>\t\t\t\t\t\t\t\t<\/div>\n\t\t\t\t<\/div>\n\t\t\t\t\t<\/div>\n\t\t\t\t<\/div>\n\t\t\t\t<\/div>\n\t\t","protected":false},"excerpt":{"rendered":"<p>Pol\u00edtica de privacidad En este documento te informamos de los motivos por los que recogemos tus datos personales, qu\u00e9 hacemos con dichos datos, qu\u00e9 derechos tienes y de qu\u00e9 forma puedes ejercerlos. Responsable de tus datos personales. Identidad: KELLY SANTAELLA \/ Y8624257F Direcci\u00f3n: Calle Ana Lopidana 8, planta 6 oficina 4, 09005 Burgos. Tel\u00e9fono: (+34) [&hellip;]<\/p>\n","protected":false},"author":3,"featured_media":0,"parent":0,"menu_order":0,"comment_status":"closed","ping_status":"closed","template":"","meta":{"footnotes":""},"class_list":["post-427","page","type-page","status-publish","hentry"],"_links":{"self":[{"href":"https:\/\/briviclick.es\/index.php?rest_route=\/wp\/v2\/pages\/427","targetHints":{"allow":["GET"]}}],"collection":[{"href":"https:\/\/briviclick.es\/index.php?rest_route=\/wp\/v2\/pages"}],"about":[{"href":"https:\/\/briviclick.es\/index.php?rest_route=\/wp\/v2\/types\/page"}],"author":[{"embeddable":true,"href":"https:\/\/briviclick.es\/index.php?rest_route=\/wp\/v2\/users\/3"}],"replies":[{"embeddable":true,"href":"https:\/\/briviclick.es\/index.php?rest_route=%2Fwp%2Fv2%2Fcomments&post=427"}],"version-history":[{"count":4,"href":"https:\/\/briviclick.es\/index.php?rest_route=\/wp\/v2\/pages\/427\/revisions"}],"predecessor-version":[{"id":431,"href":"https:\/\/briviclick.es\/index.php?rest_route=\/wp\/v2\/pages\/427\/revisions\/431"}],"wp:attachment":[{"href":"https:\/\/briviclick.es\/index.php?rest_route=%2Fwp%2Fv2%2Fmedia&parent=427"}],"curies":[{"name":"wp","href":"https:\/\/api.w.org\/{rel}","templated":true}]}}